{"id":2,"date":"2022-11-23T08:00:47","date_gmt":"2022-11-23T07:00:47","guid":{"rendered":"http:\/\/adimlarim.com\/?page_id=2"},"modified":"2022-12-07T08:28:39","modified_gmt":"2022-12-07T07:28:39","slug":"impressum-kuenye","status":"publish","type":"page","link":"https:\/\/adimlarim.com\/tr\/impressum-kuenye\/","title":{"rendered":"K\u00fcnye"},"content":{"rendered":"<p class=\"robot\" lang=\"de\"><strong>Diese Adress-Angaben sind nur f\u00fcr Spam-Roboter und nicht f\u00fcr die Besucher meiner Website vorgesehen:<\/strong><\/p>\n<p class=\"robot\" lang=\"tr\"><strong>Bu adres bilgileri yaln\u0131zca spam robotlar\u0131 i\u00e7indir, web sitemin ziyaret\u00e7ileri i\u00e7in de\u011fildir:<\/strong><\/p>\n<p class=\"robot\" lang=\"de\">Beginn der Adress-Angaben f\u00fcr Spam-Roboter<\/p>\n<p class=\"robot\" lang=\"tr\">Spam robotlar\u0131 i\u00e7in adres bilgilerinin ba\u015flang\u0131c\u0131<\/p>\n<p class=\"robot\">\nZenube Yokum<br>\nWiersbergstr. 33<br>\nTR-51103 K\u00f6ln\n<\/p>\n<p class=\"robot\">\n&#84;&#x65;&#108;&#x65;&#102;&#x6F;&#110;&#x3A;&#32;\n&#x2B;&#57;&#x30;&#32;&#x28;&#48;&#x29;&#32;&#x32;&#50;&#x31;&#32;&#x30;&#48;&#x39;&#32;&#x36;&#53;&#x20;&#55;&#x37;&#32;&#x33;&#55;\n<br>\n&#101;&#x2D;&#77;&#x61;&#105;&#x6C;&#58;&#x20;\n&#x69;&#109;&#x70;&#114;&#x65;&#115;&#x73;&#117;&#x6D;&#45;&#x73;&#112;&#x61;&#109;&#x5B;&#97;&#x74;&#93;&#x61;&#100;&#x69;&#109;&#x6C;&#97;&#x72;&#105;&#x6D;&#46;&#x63;&#111;&#x6D;\n<\/p>\n<p class=\"robot\" lang=\"de\">Ende der Adress-Angaben f\u00fcr Spam-Roboter<\/p>\n<p class=\"robot\" lang=\"tr\">Spam robotlar\u0131 i\u00e7in adres bilgilerinin sonu<\/p>\n\n<p class=\"robot\" lang=\"de\"><strong>Ab hier beginnen die Angaben f\u00fcr die Besucher meiner Website:<\/strong><\/p>\n<p class=\"robot\" lang=\"tr\"><strong>Buradan itibaren web sitemin ziyaretcileri i\u00e7in sunulan bilgiler:<\/strong><\/p>\n\n<h2>Alman Telemedia yasas\u0131n\u0131n (TMG) \u00a7 5\u2019e g\u00f6re bilgilendirme<\/h2>\n<p>\n&#x5A;&#101;&#x79;&#110;&#x65;&#112;&#x20;&#78;&#x75;&#114;&#x74;&#101;&#x6E;&#32;&#x43;&#105;&#x6E;&#97;&#x72;&#99;&#x69;&#107;\n<br>\n&#87;&#x69;&#101;&#x72;&#115;&#x62;&#101;&#x72;&#103;&#x73;&#116;&#x72;&#97;&#xDF;&#101;&#x20;&#51;&#x33;\n<br>\n&#x35;&#49;&#x31;&#48;&#x33;&#32;&#x4B;&#246;&#x6C;&#110;\n<\/p>\n<p>\n&#84;&#x65;&#108;&#x65;&#102;&#x6F;&#110;&#x3A;&#32;\n&#x2B;&#52;&#x39;&#32;&#x28;&#48;&#x29;&#32;&#x32;&#50;&#x31;&#32;&#x39;&#54;&#x35;&#32;&#x37;&#55;&#x20;&#51;&#x39;\n<br>\n&#101;&#x2D;&#77;&#x61;&#105;&#x6C;&#58;&#x20;\n&#x61;&#100;&#x69;&#109;&#x6C;&#97;&#x72;&#105;&#x6D;&#91;&#x61;&#116;&#x5D;&#97;&#x64;&#105;&#x6D;&#108;&#x61;&#114;&#x69;&#109;&#x2E;&#99;&#x6F;&#109;\n<\/p>\n\n<h2>Sorumlu edit\u00f6r<\/h2>\n<p>\n&#x5A;&#101;&#x79;&#110;&#x65;&#112;&#x20;&#78;&#x75;&#114;&#x74;&#101;&#x6E;&#32;&#x43;&#105;&#x6E;&#97;&#x72;&#99;&#x69;&#107;\n<br>\n&#87;&#x69;&#101;&#x72;&#115;&#x62;&#101;&#x72;&#103;&#x73;&#116;&#x72;&#97;&#xDF;&#101;&#x20;&#51;&#x33;\n<br>\n&#x35;&#49;&#x31;&#48;&#x33;&#32;&#x4B;&#246;&#x6C;&#110;\n<\/p>\n\n<h2>\u0130leti\u015fim bilgilerimin kullan\u0131m\u0131<\/h2>\n<p>\n\u0130leti\u015fim bilgilerimin reklam, pazarlama, adres ticareti veya profil olu\u015fturma amac\u0131yla kullan\u0131lmas\u0131na veya ba\u015fkalar\u0131na iletilmesine izin vermiyorum.\n<\/p>\n<p>\nTarih: 04.12.2022\n<\/p>","protected":false},"excerpt":{"rendered":"<p>Diese Adress-Angaben sind nur f\u00fcr Spam-Roboter und nicht f\u00fcr die Besucher meiner Website vorgesehen: Bu adres bilgileri yaln\u0131zca spam robotlar\u0131 i\u00e7indir, web sitemin ziyaret\u00e7ileri i\u00e7in de\u011fildir: Beginn der Adress-Angaben f\u00fcr Spam-Roboter Spam robotlar\u0131 i\u00e7in adres bilgilerinin ba\u015flang\u0131c\u0131 Zenube Yokum Wiersbergstr. 33 TR-51103 K\u00f6ln &#84;&#x65;&#108;&#x65;&#102;&#x6F;&#110;&#x3A;&#32; &#x2B;&#57;&#x30;&#32;&#x28;&#48;&#x29;&#32;&#x32;&#50;&#x31;&#32;&#x30;&#48;&#x39;&#32;&#x36;&#53;&#x20;&#55;&#x37;&#32;&#x33;&#55; &#101;&#x2D;&#77;&#x61;&#105;&#x6C;&#58;&#x20; &#x69;&#109;&#x70;&#114;&#x65;&#115;&#x73;&#117;&#x6D;&#45;&#x73;&#112;&#x61;&#109;&#x5B;&#97;&#x74;&#93;&#x61;&#100;&#x69;&#109;&#x6C;&#97;&#x72;&#105;&#x6D;&#46;&#x63;&#111;&#x6D; Ende der Adress-Angaben f\u00fcr Spam-Roboter Spam robotlar\u0131 i\u00e7in [&hellip;]<\/p>","protected":false},"author":5,"featured_media":0,"parent":0,"menu_order":0,"comment_status":"closed","ping_status":"open","template":"","meta":{"footnotes":""},"class_list":["post-2","page","type-page","status-publish","hentry"],"yoast_head":"<!-- This site is optimized with the Yoast SEO plugin v25.6 - https:\/\/yoast.com\/wordpress\/plugins\/seo\/ -->\n<title>Impressum - adimlarim.com<\/title>\n<meta name=\"robots\" content=\"noindex, nofollow\" \/>\n<script type=\"application\/ld+json\" class=\"yoast-schema-graph\">{\"@context\":\"https:\/\/schema.org\",\"@graph\":[{\"@type\":\"WebPage\",\"@id\":\"https:\/\/adimlarim.com\/impressum-kuenye\/\",\"url\":\"https:\/\/adimlarim.com\/impressum-kuenye\/\",\"name\":\"Impressum - adimlarim.com\",\"isPartOf\":{\"@id\":\"https:\/\/adimlarim.com\/de\/#website\"},\"datePublished\":\"2022-11-23T07:00:47+00:00\",\"dateModified\":\"2022-12-07T07:28:39+00:00\",\"breadcrumb\":{\"@id\":\"https:\/\/adimlarim.com\/impressum-kuenye\/#breadcrumb\"},\"inLanguage\":\"tr\",\"potentialAction\":[{\"@type\":\"ReadAction\",\"target\":[\"https:\/\/adimlarim.com\/impressum-kuenye\/\"]}]},{\"@type\":\"BreadcrumbList\",\"@id\":\"https:\/\/adimlarim.com\/impressum-kuenye\/#breadcrumb\",\"itemListElement\":[{\"@type\":\"ListItem\",\"position\":1,\"name\":\"Startseite\",\"item\":\"https:\/\/adimlarim.com\/de\/\"},{\"@type\":\"ListItem\",\"position\":2,\"name\":\"Impressum\"}]},{\"@type\":\"WebSite\",\"@id\":\"https:\/\/adimlarim.com\/de\/#website\",\"url\":\"https:\/\/adimlarim.com\/de\/\",\"name\":\"Ad\u0131mlar\u0131m\",\"description\":\"jede Reise beginnt mit den ersten Schritten\",\"publisher\":{\"@id\":\"https:\/\/adimlarim.com\/de\/#organization\"},\"alternateName\":\"Adimlarim\",\"potentialAction\":[{\"@type\":\"SearchAction\",\"target\":{\"@type\":\"EntryPoint\",\"urlTemplate\":\"https:\/\/adimlarim.com\/de\/?s={search_term_string}\"},\"query-input\":{\"@type\":\"PropertyValueSpecification\",\"valueRequired\":true,\"valueName\":\"search_term_string\"}}],\"inLanguage\":\"tr\"},{\"@type\":\"Organization\",\"@id\":\"https:\/\/adimlarim.com\/de\/#organization\",\"name\":\"Ad\u0131mlar\u0131m\",\"url\":\"https:\/\/adimlarim.com\/de\/\",\"logo\":{\"@type\":\"ImageObject\",\"inLanguage\":\"tr\",\"@id\":\"https:\/\/adimlarim.com\/de\/#\/schema\/logo\/image\/\",\"url\":\"https:\/\/adimlarim.com\/wp-content\/uploads\/adimlarim.com_.perspektive.kontur.verlauf.blau_.header.png\",\"contentUrl\":\"https:\/\/adimlarim.com\/wp-content\/uploads\/adimlarim.com_.perspektive.kontur.verlauf.blau_.header.png\",\"width\":401,\"height\":319,\"caption\":\"Ad\u0131mlar\u0131m\"},\"image\":{\"@id\":\"https:\/\/adimlarim.com\/de\/#\/schema\/logo\/image\/\"}}]}<\/script>\n<!-- \/ Yoast SEO plugin. -->","yoast_head_json":{"title":"Impressum - adimlarim.com","robots":{"index":"noindex","follow":"nofollow"},"schema":{"@context":"https:\/\/schema.org","@graph":[{"@type":"WebPage","@id":"https:\/\/adimlarim.com\/impressum-kuenye\/","url":"https:\/\/adimlarim.com\/impressum-kuenye\/","name":"Impressum - adimlarim.com","isPartOf":{"@id":"https:\/\/adimlarim.com\/de\/#website"},"datePublished":"2022-11-23T07:00:47+00:00","dateModified":"2022-12-07T07:28:39+00:00","breadcrumb":{"@id":"https:\/\/adimlarim.com\/impressum-kuenye\/#breadcrumb"},"inLanguage":"tr","potentialAction":[{"@type":"ReadAction","target":["https:\/\/adimlarim.com\/impressum-kuenye\/"]}]},{"@type":"BreadcrumbList","@id":"https:\/\/adimlarim.com\/impressum-kuenye\/#breadcrumb","itemListElement":[{"@type":"ListItem","position":1,"name":"Startseite","item":"https:\/\/adimlarim.com\/de\/"},{"@type":"ListItem","position":2,"name":"Impressum"}]},{"@type":"WebSite","@id":"https:\/\/adimlarim.com\/de\/#website","url":"https:\/\/adimlarim.com\/de\/","name":"Ad\u0131mlar\u0131m","description":"jede Reise beginnt mit den ersten Schritten","publisher":{"@id":"https:\/\/adimlarim.com\/de\/#organization"},"alternateName":"Adimlarim","potentialAction":[{"@type":"SearchAction","target":{"@type":"EntryPoint","urlTemplate":"https:\/\/adimlarim.com\/de\/?s={search_term_string}"},"query-input":{"@type":"PropertyValueSpecification","valueRequired":true,"valueName":"search_term_string"}}],"inLanguage":"tr"},{"@type":"Organization","@id":"https:\/\/adimlarim.com\/de\/#organization","name":"Ad\u0131mlar\u0131m","url":"https:\/\/adimlarim.com\/de\/","logo":{"@type":"ImageObject","inLanguage":"tr","@id":"https:\/\/adimlarim.com\/de\/#\/schema\/logo\/image\/","url":"https:\/\/adimlarim.com\/wp-content\/uploads\/adimlarim.com_.perspektive.kontur.verlauf.blau_.header.png","contentUrl":"https:\/\/adimlarim.com\/wp-content\/uploads\/adimlarim.com_.perspektive.kontur.verlauf.blau_.header.png","width":401,"height":319,"caption":"Ad\u0131mlar\u0131m"},"image":{"@id":"https:\/\/adimlarim.com\/de\/#\/schema\/logo\/image\/"}}]}},"_links":{"self":[{"href":"https:\/\/adimlarim.com\/tr\/wp-json\/wp\/v2\/pages\/2","targetHints":{"allow":["GET"]}}],"collection":[{"href":"https:\/\/adimlarim.com\/tr\/wp-json\/wp\/v2\/pages"}],"about":[{"href":"https:\/\/adimlarim.com\/tr\/wp-json\/wp\/v2\/types\/page"}],"author":[{"embeddable":true,"href":"https:\/\/adimlarim.com\/tr\/wp-json\/wp\/v2\/users\/5"}],"replies":[{"embeddable":true,"href":"https:\/\/adimlarim.com\/tr\/wp-json\/wp\/v2\/comments?post=2"}],"version-history":[{"count":0,"href":"https:\/\/adimlarim.com\/tr\/wp-json\/wp\/v2\/pages\/2\/revisions"}],"wp:attachment":[{"href":"https:\/\/adimlarim.com\/tr\/wp-json\/wp\/v2\/media?parent=2"}],"curies":[{"name":"wp","href":"https:\/\/api.w.org\/{rel}","templated":true}]}}