{"id":3490,"date":"2024-04-21T10:20:20","date_gmt":"2024-04-21T08:20:20","guid":{"rendered":"https:\/\/adimlarim.com\/?page_id=3490"},"modified":"2024-04-21T10:21:17","modified_gmt":"2024-04-21T08:21:17","slug":"tr-fotograf-kullanimi","status":"publish","type":"page","link":"https:\/\/adimlarim.com\/tr\/tr-fotograf-kullanimi\/","title":{"rendered":"Foto\u011fraflar\u0131m\u0131z ve kullan\u0131m\u0131"},"content":{"rendered":"<p>Bazen bir kelime bir foto\u011fraftan daha anlaml\u0131d\u0131r, ama bazen de bir foto\u011fraf bin kelimeye bedel.<\/p>\n\n\n\n<p>Buradaki foto\u011fraflar\u0131m\u0131z filigranl\u0131d\u0131r. E\u011fer buradaki fotograflar ilginizi \u00e7ekiyor ise, hatta daha fazla orijinalleri bile sizin kullan\u0131m\u0131z i\u00e7in verebiliriz.<\/p>\n\n\n\n<p>Ticari olmamak \u00fczeri eser sahibinin ismini ve bizim sayfam\u0131z\u0131n linkini fotograf\u0131n yan\u0131 ba\u015f\u0131nda ekliyerek \u00fccretsiz yay\u0131nlayabilirsiniz.<\/p>\n\n\n\n<p>Akl\u0131n\u0131zda olsun gezginler<\/p>","protected":false},"excerpt":{"rendered":"<p>Bazen bir kelime bir foto\u011fraftan daha anlaml\u0131d\u0131r, ama bazen de bir foto\u011fraf bin kelimeye bedel. Buradaki foto\u011fraflar\u0131m\u0131z filigranl\u0131d\u0131r. E\u011fer buradaki fotograflar ilginizi \u00e7ekiyor ise, hatta daha fazla orijinalleri bile sizin kullan\u0131m\u0131z i\u00e7in verebiliriz. Ticari olmamak \u00fczeri eser sahibinin ismini ve bizim sayfam\u0131z\u0131n linkini fotograf\u0131n yan\u0131 ba\u015f\u0131nda ekliyerek \u00fccretsiz yay\u0131nlayabilirsiniz. Akl\u0131n\u0131zda olsun gezginler<\/p>","protected":false},"author":5,"featured_media":0,"parent":0,"menu_order":0,"comment_status":"closed","ping_status":"closed","template":"","meta":{"footnotes":""},"class_list":["post-3490","page","type-page","status-publish","hentry"],"yoast_head":"<!-- This site is optimized with the Yoast SEO plugin v25.6 - https:\/\/yoast.com\/wordpress\/plugins\/seo\/ -->\n<title>Foto\u011fraflar\u0131m\u0131z ve kullan\u0131m\u0131 - adimlarim.com<\/title>\n<meta name=\"robots\" content=\"index, follow, max-snippet:-1, max-image-preview:large, max-video-preview:-1\" \/>\n<link rel=\"canonical\" href=\"https:\/\/adimlarim.com\/tr\/tr-fotograf-kullanimi\/\" \/>\n<script type=\"application\/ld+json\" class=\"yoast-schema-graph\">{\"@context\":\"https:\/\/schema.org\",\"@graph\":[{\"@type\":\"WebPage\",\"@id\":\"https:\/\/adimlarim.com\/tr-fotograf-kullanimi\/\",\"url\":\"https:\/\/adimlarim.com\/tr-fotograf-kullanimi\/\",\"name\":\"Foto\u011fraflar\u0131m\u0131z ve kullan\u0131m\u0131 - adimlarim.com\",\"isPartOf\":{\"@id\":\"https:\/\/adimlarim.com\/de\/#website\"},\"datePublished\":\"2024-04-21T08:20:20+00:00\",\"dateModified\":\"2024-04-21T08:21:17+00:00\",\"breadcrumb\":{\"@id\":\"https:\/\/adimlarim.com\/tr-fotograf-kullanimi\/#breadcrumb\"},\"inLanguage\":\"tr\",\"potentialAction\":[{\"@type\":\"ReadAction\",\"target\":[\"https:\/\/adimlarim.com\/tr-fotograf-kullanimi\/\"]}]},{\"@type\":\"BreadcrumbList\",\"@id\":\"https:\/\/adimlarim.com\/tr-fotograf-kullanimi\/#breadcrumb\",\"itemListElement\":[{\"@type\":\"ListItem\",\"position\":1,\"name\":\"Startseite\",\"item\":\"https:\/\/adimlarim.com\/de\/\"},{\"@type\":\"ListItem\",\"position\":2,\"name\":\"Foto\u011fraflar\u0131m\u0131z ve kullan\u0131m\u0131\"}]},{\"@type\":\"WebSite\",\"@id\":\"https:\/\/adimlarim.com\/de\/#website\",\"url\":\"https:\/\/adimlarim.com\/de\/\",\"name\":\"Ad\u0131mlar\u0131m\",\"description\":\"jede Reise beginnt mit den ersten Schritten\",\"publisher\":{\"@id\":\"https:\/\/adimlarim.com\/de\/#organization\"},\"alternateName\":\"Adimlarim\",\"potentialAction\":[{\"@type\":\"SearchAction\",\"target\":{\"@type\":\"EntryPoint\",\"urlTemplate\":\"https:\/\/adimlarim.com\/de\/?s={search_term_string}\"},\"query-input\":{\"@type\":\"PropertyValueSpecification\",\"valueRequired\":true,\"valueName\":\"search_term_string\"}}],\"inLanguage\":\"tr\"},{\"@type\":\"Organization\",\"@id\":\"https:\/\/adimlarim.com\/de\/#organization\",\"name\":\"Ad\u0131mlar\u0131m\",\"url\":\"https:\/\/adimlarim.com\/de\/\",\"logo\":{\"@type\":\"ImageObject\",\"inLanguage\":\"tr\",\"@id\":\"https:\/\/adimlarim.com\/de\/#\/schema\/logo\/image\/\",\"url\":\"https:\/\/adimlarim.com\/wp-content\/uploads\/adimlarim.com_.perspektive.kontur.verlauf.blau_.header.png\",\"contentUrl\":\"https:\/\/adimlarim.com\/wp-content\/uploads\/adimlarim.com_.perspektive.kontur.verlauf.blau_.header.png\",\"width\":401,\"height\":319,\"caption\":\"Ad\u0131mlar\u0131m\"},\"image\":{\"@id\":\"https:\/\/adimlarim.com\/de\/#\/schema\/logo\/image\/\"}}]}<\/script>\n<!-- \/ Yoast SEO plugin. -->","yoast_head_json":{"title":"Foto\u011fraflar\u0131m\u0131z ve kullan\u0131m\u0131 - adimlarim.com","robots":{"index":"index","follow":"follow","max-snippet":"max-snippet:-1","max-image-preview":"max-image-preview:large","max-video-preview":"max-video-preview:-1"},"canonical":"https:\/\/adimlarim.com\/tr\/tr-fotograf-kullanimi\/","schema":{"@context":"https:\/\/schema.org","@graph":[{"@type":"WebPage","@id":"https:\/\/adimlarim.com\/tr-fotograf-kullanimi\/","url":"https:\/\/adimlarim.com\/tr-fotograf-kullanimi\/","name":"Foto\u011fraflar\u0131m\u0131z ve kullan\u0131m\u0131 - adimlarim.com","isPartOf":{"@id":"https:\/\/adimlarim.com\/de\/#website"},"datePublished":"2024-04-21T08:20:20+00:00","dateModified":"2024-04-21T08:21:17+00:00","breadcrumb":{"@id":"https:\/\/adimlarim.com\/tr-fotograf-kullanimi\/#breadcrumb"},"inLanguage":"tr","potentialAction":[{"@type":"ReadAction","target":["https:\/\/adimlarim.com\/tr-fotograf-kullanimi\/"]}]},{"@type":"BreadcrumbList","@id":"https:\/\/adimlarim.com\/tr-fotograf-kullanimi\/#breadcrumb","itemListElement":[{"@type":"ListItem","position":1,"name":"Startseite","item":"https:\/\/adimlarim.com\/de\/"},{"@type":"ListItem","position":2,"name":"Foto\u011fraflar\u0131m\u0131z ve kullan\u0131m\u0131"}]},{"@type":"WebSite","@id":"https:\/\/adimlarim.com\/de\/#website","url":"https:\/\/adimlarim.com\/de\/","name":"Ad\u0131mlar\u0131m","description":"jede Reise beginnt mit den ersten Schritten","publisher":{"@id":"https:\/\/adimlarim.com\/de\/#organization"},"alternateName":"Adimlarim","potentialAction":[{"@type":"SearchAction","target":{"@type":"EntryPoint","urlTemplate":"https:\/\/adimlarim.com\/de\/?s={search_term_string}"},"query-input":{"@type":"PropertyValueSpecification","valueRequired":true,"valueName":"search_term_string"}}],"inLanguage":"tr"},{"@type":"Organization","@id":"https:\/\/adimlarim.com\/de\/#organization","name":"Ad\u0131mlar\u0131m","url":"https:\/\/adimlarim.com\/de\/","logo":{"@type":"ImageObject","inLanguage":"tr","@id":"https:\/\/adimlarim.com\/de\/#\/schema\/logo\/image\/","url":"https:\/\/adimlarim.com\/wp-content\/uploads\/adimlarim.com_.perspektive.kontur.verlauf.blau_.header.png","contentUrl":"https:\/\/adimlarim.com\/wp-content\/uploads\/adimlarim.com_.perspektive.kontur.verlauf.blau_.header.png","width":401,"height":319,"caption":"Ad\u0131mlar\u0131m"},"image":{"@id":"https:\/\/adimlarim.com\/de\/#\/schema\/logo\/image\/"}}]}},"_links":{"self":[{"href":"https:\/\/adimlarim.com\/tr\/wp-json\/wp\/v2\/pages\/3490","targetHints":{"allow":["GET"]}}],"collection":[{"href":"https:\/\/adimlarim.com\/tr\/wp-json\/wp\/v2\/pages"}],"about":[{"href":"https:\/\/adimlarim.com\/tr\/wp-json\/wp\/v2\/types\/page"}],"author":[{"embeddable":true,"href":"https:\/\/adimlarim.com\/tr\/wp-json\/wp\/v2\/users\/5"}],"replies":[{"embeddable":true,"href":"https:\/\/adimlarim.com\/tr\/wp-json\/wp\/v2\/comments?post=3490"}],"version-history":[{"count":0,"href":"https:\/\/adimlarim.com\/tr\/wp-json\/wp\/v2\/pages\/3490\/revisions"}],"wp:attachment":[{"href":"https:\/\/adimlarim.com\/tr\/wp-json\/wp\/v2\/media?parent=3490"}],"curies":[{"name":"wp","href":"https:\/\/api.w.org\/{rel}","templated":true}]}}